{"id":6,"date":"2025-06-13T17:57:25","date_gmt":"2025-06-13T17:57:25","guid":{"rendered":"https:\/\/portalrosadeouro.bellardiimoveis.cim.br\/?page_id=6"},"modified":"2025-10-14T16:58:32","modified_gmt":"2025-10-14T16:58:32","slug":"home","status":"publish","type":"page","link":"https:\/\/portalrosadeouro.bellardiimoveis.cim.br\/","title":{"rendered":"Home"},"content":{"rendered":"\t\t<div data-elementor-type=\"wp-page\" data-elementor-id=\"6\" class=\"elementor elementor-6\" data-elementor-post-type=\"page\">\n\t\t\t\t<div class=\"elementor-element elementor-element-16cac316 e-con-full e-flex e-con e-parent\" data-id=\"16cac316\" data-element_type=\"container\" data-settings=\"{&quot;background_background&quot;:&quot;classic&quot;}\">\n\t\t<div class=\"elementor-element elementor-element-11a54e7d e-con-full e-flex e-con e-child\" data-id=\"11a54e7d\" data-element_type=\"container\">\n\t\t\t\t<div class=\"elementor-element elementor-element-5bfb3618 elementor-widget elementor-widget-image\" data-id=\"5bfb3618\" data-element_type=\"widget\" data-widget_type=\"image.default\">\n\t\t\t\t<div class=\"elementor-widget-container\">\n\t\t\t\t\t\t\t\t\t\t\t\t\t\t\t<img fetchpriority=\"high\" decoding=\"async\" width=\"960\" height=\"650\" src=\"https:\/\/portalrosadeouro.bellardiimoveis.cim.br\/wp-content\/uploads\/2025\/10\/Portal-Rosa-de-ouro_14-10-25.jpg\" class=\"attachment-full size-full wp-image-223\" alt=\"\" srcset=\"https:\/\/portalrosadeouro.bellardiimoveis.cim.br\/wp-content\/uploads\/2025\/10\/Portal-Rosa-de-ouro_14-10-25.jpg 960w, https:\/\/portalrosadeouro.bellardiimoveis.cim.br\/wp-content\/uploads\/2025\/10\/Portal-Rosa-de-ouro_14-10-25-300x203.jpg 300w, https:\/\/portalrosadeouro.bellardiimoveis.cim.br\/wp-content\/uploads\/2025\/10\/Portal-Rosa-de-ouro_14-10-25-768x520.jpg 768w\" sizes=\"(max-width: 960px) 100vw, 960px\" \/>\t\t\t\t\t\t\t\t\t\t\t\t\t\t\t<\/div>\n\t\t\t\t<\/div>\n\t\t\t\t<\/div>\n\t\t<div class=\"elementor-element elementor-element-21f80af4 e-con-full e-flex e-con e-child\" data-id=\"21f80af4\" data-element_type=\"container\">\n\t\t\t\t<div class=\"elementor-element elementor-element-5073fcf1 elementor-widget elementor-widget-heading\" data-id=\"5073fcf1\" data-element_type=\"widget\" data-widget_type=\"heading.default\">\n\t\t\t\t<div class=\"elementor-widget-container\">\n\t\t\t\t\t<h2 class=\"elementor-heading-title elementor-size-default\">SEU NOVO ENDERE\u00c7O<\/h2>\t\t\t\t<\/div>\n\t\t\t\t<\/div>\n\t\t\t\t<div class=\"elementor-element elementor-element-4ff7eed7 elementor-widget elementor-widget-heading\" data-id=\"4ff7eed7\" data-element_type=\"widget\" data-widget_type=\"heading.default\">\n\t\t\t\t<div class=\"elementor-widget-container\">\n\t\t\t\t\t<h2 class=\"elementor-heading-title elementor-size-default\">Est\u00e1 a 600M da<\/h2>\t\t\t\t<\/div>\n\t\t\t\t<\/div>\n\t\t\t\t<div class=\"elementor-element elementor-element-c38883c elementor-widget elementor-widget-heading\" data-id=\"c38883c\" data-element_type=\"widget\" data-widget_type=\"heading.default\">\n\t\t\t\t<div class=\"elementor-widget-container\">\n\t\t\t\t\t<h2 class=\"elementor-heading-title elementor-size-default\">Av. Padroeira do Brasil<\/h2>\t\t\t\t<\/div>\n\t\t\t\t<\/div>\n\t\t\t\t<div class=\"elementor-element elementor-element-b83be8e elementor-widget elementor-widget-heading\" data-id=\"b83be8e\" data-element_type=\"widget\" data-widget_type=\"heading.default\">\n\t\t\t\t<div class=\"elementor-widget-container\">\n\t\t\t\t\t<h2 class=\"elementor-heading-title elementor-size-default\">LOTES<\/h2>\t\t\t\t<\/div>\n\t\t\t\t<\/div>\n\t\t\t\t<div class=\"elementor-element elementor-element-b5eb609 elementor-widget elementor-widget-heading\" data-id=\"b5eb609\" data-element_type=\"widget\" data-widget_type=\"heading.default\">\n\t\t\t\t<div class=\"elementor-widget-container\">\n\t\t\t\t\t<h2 class=\"elementor-heading-title elementor-size-default\">A PARTIR DE <\/h2>\t\t\t\t<\/div>\n\t\t\t\t<\/div>\n\t\t\t\t<div class=\"elementor-element elementor-element-7bbc8cb8 elementor-widget elementor-widget-heading\" data-id=\"7bbc8cb8\" data-element_type=\"widget\" data-widget_type=\"heading.default\">\n\t\t\t\t<div class=\"elementor-widget-container\">\n\t\t\t\t\t<h2 class=\"elementor-heading-title elementor-size-default\">154 m\u00b2<\/h2>\t\t\t\t<\/div>\n\t\t\t\t<\/div>\n\t\t\t\t<div class=\"elementor-element elementor-element-483d2aa9 elementor-align-center elementor-widget elementor-widget-button\" data-id=\"483d2aa9\" data-element_type=\"widget\" data-widget_type=\"button.default\">\n\t\t\t\t<div class=\"elementor-widget-container\">\n\t\t\t\t\t\t\t\t\t<div class=\"elementor-button-wrapper\">\n\t\t\t\t\t<a class=\"elementor-button elementor-button-link elementor-size-sm\" href=\"https:\/\/api.whatsapp.com\/send\/?phone=5512997694138&#038;text=Oi+eu+vim+pelo+site+e+gostaria+de+mais+informa%C3%A7%C3%B5es+sobre+o+Portal+Rosa+de+Ouro+Aparecida&#038;type=phone_number&#038;app_absent=0\" target=\"_blank\">\n\t\t\t\t\t\t<span class=\"elementor-button-content-wrapper\">\n\t\t\t\t\t\t\t\t\t<span class=\"elementor-button-text\">Quero Conhecer<\/span>\n\t\t\t\t\t<\/span>\n\t\t\t\t\t<\/a>\n\t\t\t\t<\/div>\n\t\t\t\t\t\t\t\t<\/div>\n\t\t\t\t<\/div>\n\t\t\t\t<\/div>\n\t\t\t\t<\/div>\n\t\t<div class=\"elementor-element elementor-element-2ebac2cf e-con-full e-flex e-con e-parent\" data-id=\"2ebac2cf\" data-element_type=\"container\" data-settings=\"{&quot;background_background&quot;:&quot;classic&quot;}\">\n\t\t<div class=\"elementor-element elementor-element-7e3f30bf e-con-full e-flex e-con e-child\" data-id=\"7e3f30bf\" data-element_type=\"container\" data-settings=\"{&quot;background_background&quot;:&quot;classic&quot;}\">\n\t\t\t\t<div class=\"elementor-element elementor-element-7cdc19c1 elementor-widget elementor-widget-heading\" data-id=\"7cdc19c1\" data-element_type=\"widget\" data-widget_type=\"heading.default\">\n\t\t\t\t<div class=\"elementor-widget-container\">\n\t\t\t\t\t<h2 class=\"elementor-heading-title elementor-size-default\">CADASTRE-SE E<br>\nRECEBA NOVIDADES\nANTECIPADAMENTE<\/h2>\t\t\t\t<\/div>\n\t\t\t\t<\/div>\n\t\t\t\t<div class=\"elementor-element elementor-element-4027ae0f elementor-button-align-start elementor-widget elementor-widget-form\" data-id=\"4027ae0f\" data-element_type=\"widget\" data-settings=\"{&quot;step_next_label&quot;:&quot;Next&quot;,&quot;step_previous_label&quot;:&quot;Previous&quot;,&quot;step_type&quot;:&quot;number_text&quot;,&quot;step_icon_shape&quot;:&quot;circle&quot;}\" data-widget_type=\"form.default\">\n\t\t\t\t<div class=\"elementor-widget-container\">\n\t\t\t\t\t\t\t<form class=\"elementor-form\" method=\"post\" name=\"New Form\">\n\t\t\t<input type=\"hidden\" name=\"post_id\" value=\"6\"\/>\n\t\t\t<input type=\"hidden\" name=\"form_id\" value=\"4027ae0f\"\/>\n\t\t\t<input type=\"hidden\" name=\"referer_title\" value=\"\" \/>\n\n\t\t\t\n\t\t\t<div class=\"elementor-form-fields-wrapper elementor-labels-above\">\n\t\t\t\t\t\t\t\t<div class=\"elementor-field-type-text elementor-field-group elementor-column elementor-field-group-name elementor-col-100 elementor-field-required\">\n\t\t\t\t\t\t\t\t\t\t\t\t\t<input size=\"1\" type=\"text\" name=\"form_fields[name]\" id=\"form-field-name\" class=\"elementor-field elementor-size-sm  elementor-field-textual\" placeholder=\"Nome Completo\" required=\"required\">\n\t\t\t\t\t\t\t\t\t\t\t<\/div>\n\t\t\t\t\t\t\t\t<div class=\"elementor-field-type-tel elementor-field-group elementor-column elementor-field-group-email elementor-col-100 elementor-field-required\">\n\t\t\t\t\t\t\t<input size=\"1\" type=\"tel\" name=\"form_fields[email]\" id=\"form-field-email\" class=\"elementor-field elementor-size-sm  elementor-field-textual\" placeholder=\"Telefone\" required=\"required\" pattern=\"[0-9()#&amp;+*-=.]+\" title=\"Only numbers and phone characters (#, -, *, etc) are accepted.\">\n\n\t\t\t\t\t\t<\/div>\n\t\t\t\t\t\t\t\t<div class=\"elementor-field-type-email elementor-field-group elementor-column elementor-field-group-field_8695243 elementor-col-100 elementor-field-required\">\n\t\t\t\t\t\t\t\t\t\t\t\t\t<input size=\"1\" type=\"email\" name=\"form_fields[field_8695243]\" id=\"form-field-field_8695243\" class=\"elementor-field elementor-size-sm  elementor-field-textual\" placeholder=\"Seu Melhor E-mail\" required=\"required\">\n\t\t\t\t\t\t\t\t\t\t\t<\/div>\n\t\t\t\t\t\t\t\t<div class=\"elementor-field-group elementor-column elementor-field-type-submit elementor-col-100 e-form__buttons\">\n\t\t\t\t\t<button class=\"elementor-button elementor-size-md\" type=\"submit\">\n\t\t\t\t\t\t<span class=\"elementor-button-content-wrapper\">\n\t\t\t\t\t\t\t\t\t\t\t\t\t\t\t\t\t\t\t\t\t\t<span class=\"elementor-button-text\">Enviar<\/span>\n\t\t\t\t\t\t\t\t\t\t\t\t\t<\/span>\n\t\t\t\t\t<\/button>\n\t\t\t\t<\/div>\n\t\t\t<\/div>\n\t\t<\/form>\n\t\t\t\t\t\t<\/div>\n\t\t\t\t<\/div>\n\t\t\t\t<\/div>\n\t\t<div class=\"elementor-element elementor-element-792a7d9 e-con-full e-flex e-con e-child\" data-id=\"792a7d9\" data-element_type=\"container\">\n\t\t\t\t<div class=\"elementor-element elementor-element-62aa60a3 elementor-widget elementor-widget-image\" data-id=\"62aa60a3\" data-element_type=\"widget\" data-widget_type=\"image.default\">\n\t\t\t\t<div class=\"elementor-widget-container\">\n\t\t\t\t\t\t\t\t\t\t\t\t\t\t\t<img decoding=\"async\" width=\"960\" height=\"650\" src=\"https:\/\/portalrosadeouro.bellardiimoveis.cim.br\/wp-content\/uploads\/2025\/06\/Banner-portal-de-ouro_002.jpg\" class=\"attachment-full size-full wp-image-97\" alt=\"\" srcset=\"https:\/\/portalrosadeouro.bellardiimoveis.cim.br\/wp-content\/uploads\/2025\/06\/Banner-portal-de-ouro_002.jpg 960w, https:\/\/portalrosadeouro.bellardiimoveis.cim.br\/wp-content\/uploads\/2025\/06\/Banner-portal-de-ouro_002-300x203.jpg 300w, https:\/\/portalrosadeouro.bellardiimoveis.cim.br\/wp-content\/uploads\/2025\/06\/Banner-portal-de-ouro_002-768x520.jpg 768w\" sizes=\"(max-width: 960px) 100vw, 960px\" \/>\t\t\t\t\t\t\t\t\t\t\t\t\t\t\t<\/div>\n\t\t\t\t<\/div>\n\t\t\t\t<\/div>\n\t\t\t\t<\/div>\n\t\t<div class=\"elementor-element elementor-element-4b6ea59c e-con-full e-flex e-con e-parent\" data-id=\"4b6ea59c\" data-element_type=\"container\" data-settings=\"{&quot;background_background&quot;:&quot;classic&quot;}\">\n\t\t\t\t<div class=\"elementor-element elementor-element-243320da elementor-widget elementor-widget-heading\" data-id=\"243320da\" data-element_type=\"widget\" data-widget_type=\"heading.default\">\n\t\t\t\t<div class=\"elementor-widget-container\">\n\t\t\t\t\t<h2 class=\"elementor-heading-title elementor-size-default\">O LOTEAMENTO S\u00d3 SER\u00c1 COMERCIALIZADO AP\u00d3S ESTAR DEVIDAMENTE REGISTRADO<\/h2>\t\t\t\t<\/div>\n\t\t\t\t<\/div>\n\t\t\t\t<div class=\"elementor-element elementor-element-a366271 elementor-align-center elementor-widget elementor-widget-button\" data-id=\"a366271\" data-element_type=\"widget\" data-widget_type=\"button.default\">\n\t\t\t\t<div class=\"elementor-widget-container\">\n\t\t\t\t\t\t\t\t\t<div class=\"elementor-button-wrapper\">\n\t\t\t\t\t<a class=\"elementor-button elementor-button-link elementor-size-sm\" href=\"https:\/\/api.whatsapp.com\/send\/?phone=5512997694138&#038;text=Oi+eu+vim+pelo+site+e+gostaria+de+mais+informa%C3%A7%C3%B5es+sobre+o+Portal+Rosa+de+Ouro+Aparecida&#038;type=phone_number&#038;app_absent=0\" target=\"_blank\">\n\t\t\t\t\t\t<span class=\"elementor-button-content-wrapper\">\n\t\t\t\t\t\t\t\t\t<span class=\"elementor-button-text\">Quero Conhecer<\/span>\n\t\t\t\t\t<\/span>\n\t\t\t\t\t<\/a>\n\t\t\t\t<\/div>\n\t\t\t\t\t\t\t\t<\/div>\n\t\t\t\t<\/div>\n\t\t\t\t<div class=\"elementor-element elementor-element-450d1528 elementor-skin-carousel elementor-arrows-yes elementor-pagination-type-bullets elementor-pagination-position-outside elementor-widget elementor-widget-media-carousel\" data-id=\"450d1528\" data-element_type=\"widget\" data-settings=\"{&quot;slides_per_view&quot;:&quot;1&quot;,&quot;slides_to_scroll&quot;:&quot;1&quot;,&quot;skin&quot;:&quot;carousel&quot;,&quot;effect&quot;:&quot;slide&quot;,&quot;show_arrows&quot;:&quot;yes&quot;,&quot;pagination&quot;:&quot;bullets&quot;,&quot;speed&quot;:500,&quot;autoplay&quot;:&quot;yes&quot;,&quot;autoplay_speed&quot;:5000,&quot;loop&quot;:&quot;yes&quot;,&quot;pause_on_hover&quot;:&quot;yes&quot;,&quot;pause_on_interaction&quot;:&quot;yes&quot;,&quot;space_between&quot;:{&quot;unit&quot;:&quot;px&quot;,&quot;size&quot;:10,&quot;sizes&quot;:[]},&quot;space_between_tablet&quot;:{&quot;unit&quot;:&quot;px&quot;,&quot;size&quot;:10,&quot;sizes&quot;:[]},&quot;space_between_mobile&quot;:{&quot;unit&quot;:&quot;px&quot;,&quot;size&quot;:10,&quot;sizes&quot;:[]}}\" data-widget_type=\"media-carousel.default\">\n\t\t\t\t<div class=\"elementor-widget-container\">\n\t\t\t\t\t\t\t\t\t<div class=\"elementor-swiper\">\n\t\t\t\t\t<div class=\"elementor-main-swiper swiper\" role=\"region\" aria-roledescription=\"carousel\" aria-label=\"Slides\">\n\t\t\t\t<div class=\"swiper-wrapper\">\n\t\t\t\t\t\t\t\t\t\t\t<div class=\"swiper-slide\" role=\"group\" aria-roledescription=\"slide\">\n\t\t\t\t\t\t\t\t\t<div class=\"elementor-carousel-image\" role=\"img\" aria-label=\"portal-rosa-de-ouro_001\" style=\"background-image: url(&#039;https:\/\/portalrosadeouro.bellardiimoveis.cim.br\/wp-content\/uploads\/2025\/06\/portal-rosa-de-ouro_001.jpg&#039;)\">\n\n\t\t\t\n\t\t\t\t\t<\/div>\n\t\t\t\t\t\t\t\t<\/div>\n\t\t\t\t\t\t\t\t\t\t\t<div class=\"swiper-slide\" role=\"group\" aria-roledescription=\"slide\">\n\t\t\t\t\t\t\t\t\t<div class=\"elementor-carousel-image\" role=\"img\" aria-label=\"portal-rosa-de-ouro_002\" style=\"background-image: url(&#039;https:\/\/portalrosadeouro.bellardiimoveis.cim.br\/wp-content\/uploads\/2025\/06\/portal-rosa-de-ouro_002.jpg&#039;)\">\n\n\t\t\t\n\t\t\t\t\t<\/div>\n\t\t\t\t\t\t\t\t<\/div>\n\t\t\t\t\t\t\t\t\t\t\t<div class=\"swiper-slide\" role=\"group\" aria-roledescription=\"slide\">\n\t\t\t\t\t\t\t\t\t<div class=\"elementor-carousel-image\" role=\"img\" aria-label=\"portal-rosa-de-ouro_003\" style=\"background-image: url(&#039;https:\/\/portalrosadeouro.bellardiimoveis.cim.br\/wp-content\/uploads\/2025\/06\/portal-rosa-de-ouro_003.jpg&#039;)\">\n\n\t\t\t\n\t\t\t\t\t<\/div>\n\t\t\t\t\t\t\t\t<\/div>\n\t\t\t\t\t\t\t\t\t\t\t<div class=\"swiper-slide\" role=\"group\" aria-roledescription=\"slide\">\n\t\t\t\t\t\t\t\t\t<div class=\"elementor-carousel-image\" role=\"img\" aria-label=\"portal-rosa-de-ouro_004\" style=\"background-image: url(&#039;https:\/\/portalrosadeouro.bellardiimoveis.cim.br\/wp-content\/uploads\/2025\/06\/portal-rosa-de-ouro_004.jpg&#039;)\">\n\n\t\t\t\n\t\t\t\t\t<\/div>\n\t\t\t\t\t\t\t\t<\/div>\n\t\t\t\t\t\t\t\t\t\t\t<div class=\"swiper-slide\" role=\"group\" aria-roledescription=\"slide\">\n\t\t\t\t\t\t\t\t\t<div class=\"elementor-carousel-image\" role=\"img\" aria-label=\"portal-rosa-de-ouro_005\" style=\"background-image: url(&#039;https:\/\/portalrosadeouro.bellardiimoveis.cim.br\/wp-content\/uploads\/2025\/06\/portal-rosa-de-ouro_005.jpg&#039;)\">\n\n\t\t\t\n\t\t\t\t\t<\/div>\n\t\t\t\t\t\t\t\t<\/div>\n\t\t\t\t\t\t\t\t\t\t\t<div class=\"swiper-slide\" role=\"group\" aria-roledescription=\"slide\">\n\t\t\t\t\t\t\t\t\t<div class=\"elementor-carousel-image\" role=\"img\" aria-label=\"portal-rosa-de-ouro_006\" style=\"background-image: url(&#039;https:\/\/portalrosadeouro.bellardiimoveis.cim.br\/wp-content\/uploads\/2025\/06\/portal-rosa-de-ouro_006.jpg&#039;)\">\n\n\t\t\t\n\t\t\t\t\t<\/div>\n\t\t\t\t\t\t\t\t<\/div>\n\t\t\t\t\t\t\t\t\t\t\t<div class=\"swiper-slide\" role=\"group\" aria-roledescription=\"slide\">\n\t\t\t\t\t\t\t\t\t<div class=\"elementor-carousel-image\" role=\"img\" aria-label=\"portal-rosa-de-ouro_007\" style=\"background-image: url(&#039;https:\/\/portalrosadeouro.bellardiimoveis.cim.br\/wp-content\/uploads\/2025\/06\/portal-rosa-de-ouro_007.jpg&#039;)\">\n\n\t\t\t\n\t\t\t\t\t<\/div>\n\t\t\t\t\t\t\t\t<\/div>\n\t\t\t\t\t\t\t\t\t\t\t<div class=\"swiper-slide\" role=\"group\" aria-roledescription=\"slide\">\n\t\t\t\t\t\t\t\t\t<div class=\"elementor-carousel-image\" role=\"img\" aria-label=\"portal-rosa-de-ouro_008\" style=\"background-image: url(&#039;https:\/\/portalrosadeouro.bellardiimoveis.cim.br\/wp-content\/uploads\/2025\/06\/portal-rosa-de-ouro_008.jpg&#039;)\">\n\n\t\t\t\n\t\t\t\t\t<\/div>\n\t\t\t\t\t\t\t\t<\/div>\n\t\t\t\t\t\t\t\t\t\t\t<div class=\"swiper-slide\" role=\"group\" aria-roledescription=\"slide\">\n\t\t\t\t\t\t\t\t\t<div class=\"elementor-carousel-image\" role=\"img\" aria-label=\"portal-rosa-de-ouro_009\" style=\"background-image: url(&#039;https:\/\/portalrosadeouro.bellardiimoveis.cim.br\/wp-content\/uploads\/2025\/06\/portal-rosa-de-ouro_009.jpg&#039;)\">\n\n\t\t\t\n\t\t\t\t\t<\/div>\n\t\t\t\t\t\t\t\t<\/div>\n\t\t\t\t\t\t\t\t\t<\/div>\n\t\t\t\t\t\t\t\t\t\t\t\t\t\t\t<div class=\"elementor-swiper-button elementor-swiper-button-prev\" role=\"button\" tabindex=\"0\" aria-label=\"Previous\">\n\t\t\t\t\t\t\t<i aria-hidden=\"true\" class=\"eicon-chevron-left\"><\/i>\t\t\t\t\t\t<\/div>\n\t\t\t\t\t\t<div class=\"elementor-swiper-button elementor-swiper-button-next\" role=\"button\" tabindex=\"0\" aria-label=\"Next\">\n\t\t\t\t\t\t\t<i aria-hidden=\"true\" class=\"eicon-chevron-right\"><\/i>\t\t\t\t\t\t<\/div>\n\t\t\t\t\t\t\t\t\t\t\t\t\t\t\t\t<div class=\"swiper-pagination\"><\/div>\n\t\t\t\t\t\t\t\t\t\t\t\t<\/div>\n\t\t\t\t<\/div>\n\t\t\t\t\t\t\t\t<\/div>\n\t\t\t\t<\/div>\n\t\t\t\t<\/div>\n\t\t<div class=\"elementor-element elementor-element-178b43bd e-con-full e-flex e-con e-parent\" data-id=\"178b43bd\" data-element_type=\"container\" data-settings=\"{&quot;background_background&quot;:&quot;classic&quot;}\">\n\t\t<div class=\"elementor-element elementor-element-4ea62deb e-con-full e-flex e-con e-child\" data-id=\"4ea62deb\" data-element_type=\"container\">\n\t\t\t\t<div class=\"elementor-element elementor-element-7338b95d elementor-widget elementor-widget-heading\" data-id=\"7338b95d\" data-element_type=\"widget\" data-widget_type=\"heading.default\">\n\t\t\t\t<div class=\"elementor-widget-container\">\n\t\t\t\t\t<h2 class=\"elementor-heading-title elementor-size-default\">Lotes a partir de<\/h2>\t\t\t\t<\/div>\n\t\t\t\t<\/div>\n\t\t\t\t<div class=\"elementor-element elementor-element-4c607149 elementor-widget elementor-widget-heading\" data-id=\"4c607149\" data-element_type=\"widget\" data-widget_type=\"heading.default\">\n\t\t\t\t<div class=\"elementor-widget-container\">\n\t\t\t\t\t<h2 class=\"elementor-heading-title elementor-size-default\">154 m\u00b2<\/h2>\t\t\t\t<\/div>\n\t\t\t\t<\/div>\n\t\t\t\t<div class=\"elementor-element elementor-element-6327ac00 elementor-widget elementor-widget-heading\" data-id=\"6327ac00\" data-element_type=\"widget\" data-widget_type=\"heading.default\">\n\t\t\t\t<div class=\"elementor-widget-container\">\n\t\t\t\t\t<h2 class=\"elementor-heading-title elementor-size-default\">APARECIDA IRA GANHAR UM BAIRRO PLANEJADO<\/h2>\t\t\t\t<\/div>\n\t\t\t\t<\/div>\n\t\t\t\t<\/div>\n\t\t<div class=\"elementor-element elementor-element-1a6fc507 e-con-full e-flex e-con e-child\" data-id=\"1a6fc507\" data-element_type=\"container\">\n\t\t\t\t<div class=\"elementor-element elementor-element-2f14b1b elementor-widget elementor-widget-heading\" data-id=\"2f14b1b\" data-element_type=\"widget\" data-widget_type=\"heading.default\">\n\t\t\t\t<div class=\"elementor-widget-container\">\n\t\t\t\t\t<h2 class=\"elementor-heading-title elementor-size-default\">SEU NOVO ENDERE\u00c7O<\/h2>\t\t\t\t<\/div>\n\t\t\t\t<\/div>\n\t\t\t\t<div class=\"elementor-element elementor-element-d232d31 elementor-widget elementor-widget-heading\" data-id=\"d232d31\" data-element_type=\"widget\" data-widget_type=\"heading.default\">\n\t\t\t\t<div class=\"elementor-widget-container\">\n\t\t\t\t\t<h2 class=\"elementor-heading-title elementor-size-default\">Est\u00e1 a 600M da<\/h2>\t\t\t\t<\/div>\n\t\t\t\t<\/div>\n\t\t\t\t<div class=\"elementor-element elementor-element-106ea5a elementor-widget elementor-widget-heading\" data-id=\"106ea5a\" data-element_type=\"widget\" data-widget_type=\"heading.default\">\n\t\t\t\t<div class=\"elementor-widget-container\">\n\t\t\t\t\t<h2 class=\"elementor-heading-title elementor-size-default\">Av. Padroeira do Brasil<\/h2>\t\t\t\t<\/div>\n\t\t\t\t<\/div>\n\t\t\t\t<div class=\"elementor-element elementor-element-93096f3 elementor-align-center elementor-widget elementor-widget-button\" data-id=\"93096f3\" data-element_type=\"widget\" data-widget_type=\"button.default\">\n\t\t\t\t<div class=\"elementor-widget-container\">\n\t\t\t\t\t\t\t\t\t<div class=\"elementor-button-wrapper\">\n\t\t\t\t\t<a class=\"elementor-button elementor-button-link elementor-size-sm\" href=\"https:\/\/api.whatsapp.com\/send\/?phone=5512997694138&#038;text=Oi+eu+vim+pelo+site+e+gostaria+de+mais+informa%C3%A7%C3%B5es+sobre+o+Portal+Rosa+de+Ouro+Aparecida&#038;type=phone_number&#038;app_absent=0\" target=\"_blank\">\n\t\t\t\t\t\t<span class=\"elementor-button-content-wrapper\">\n\t\t\t\t\t\t\t\t\t<span class=\"elementor-button-text\">Quero Conhecer<\/span>\n\t\t\t\t\t<\/span>\n\t\t\t\t\t<\/a>\n\t\t\t\t<\/div>\n\t\t\t\t\t\t\t\t<\/div>\n\t\t\t\t<\/div>\n\t\t\t\t<\/div>\n\t\t\t\t<\/div>\n\t\t<div class=\"elementor-element elementor-element-7075720a e-con-full e-flex e-con e-parent\" data-id=\"7075720a\" data-element_type=\"container\" data-settings=\"{&quot;background_background&quot;:&quot;classic&quot;}\">\n\t\t\t\t<div class=\"elementor-element elementor-element-4491e980 elementor-widget elementor-widget-heading\" data-id=\"4491e980\" data-element_type=\"widget\" data-widget_type=\"heading.default\">\n\t\t\t\t<div class=\"elementor-widget-container\">\n\t\t\t\t\t<h2 class=\"elementor-heading-title elementor-size-default\">LOTEAMENTO APROVADO PELA PREFEITURA DE APARECIDA, DECRETO N\u00ba 5.242\/2025, GRAPROHAB N\u00ba 003\/2024.<\/h2>\t\t\t\t<\/div>\n\t\t\t\t<\/div>\n\t\t\t\t<\/div>\n\t\t\t\t<\/div>\n\t\t","protected":false},"excerpt":{"rendered":"<p>SEU NOVO ENDERE\u00c7O Est\u00e1 a 600M da Av. Padroeira do Brasil LOTES A PARTIR DE 154 m\u00b2 Quero Conhecer CADASTRE-SE E RECEBA NOVIDADES ANTECIPADAMENTE O LOTEAMENTO S\u00d3 SER\u00c1 COMERCIALIZADO AP\u00d3S ESTAR DEVIDAMENTE REGISTRADO Quero Conhecer Lotes a partir de 154 m\u00b2 APARECIDA IRA GANHAR UM BAIRRO PLANEJADO SEU NOVO ENDERE\u00c7O Est\u00e1 a 600M da Av. [&hellip;]<\/p>\n","protected":false},"author":1,"featured_media":0,"parent":0,"menu_order":0,"comment_status":"closed","ping_status":"closed","template":"elementor_canvas","meta":{"footnotes":""},"class_list":["post-6","page","type-page","status-publish","hentry"],"_links":{"self":[{"href":"https:\/\/portalrosadeouro.bellardiimoveis.cim.br\/index.php?rest_route=\/wp\/v2\/pages\/6","targetHints":{"allow":["GET"]}}],"collection":[{"href":"https:\/\/portalrosadeouro.bellardiimoveis.cim.br\/index.php?rest_route=\/wp\/v2\/pages"}],"about":[{"href":"https:\/\/portalrosadeouro.bellardiimoveis.cim.br\/index.php?rest_route=\/wp\/v2\/types\/page"}],"author":[{"embeddable":true,"href":"https:\/\/portalrosadeouro.bellardiimoveis.cim.br\/index.php?rest_route=\/wp\/v2\/users\/1"}],"replies":[{"embeddable":true,"href":"https:\/\/portalrosadeouro.bellardiimoveis.cim.br\/index.php?rest_route=%2Fwp%2Fv2%2Fcomments&post=6"}],"version-history":[{"count":160,"href":"https:\/\/portalrosadeouro.bellardiimoveis.cim.br\/index.php?rest_route=\/wp\/v2\/pages\/6\/revisions"}],"predecessor-version":[{"id":226,"href":"https:\/\/portalrosadeouro.bellardiimoveis.cim.br\/index.php?rest_route=\/wp\/v2\/pages\/6\/revisions\/226"}],"wp:attachment":[{"href":"https:\/\/portalrosadeouro.bellardiimoveis.cim.br\/index.php?rest_route=%2Fwp%2Fv2%2Fmedia&parent=6"}],"curies":[{"name":"wp","href":"https:\/\/api.w.org\/{rel}","templated":true}]}}